{"id":732,"date":"2021-02-01T18:41:52","date_gmt":"2021-02-01T17:41:52","guid":{"rendered":"https:\/\/funactiverent.it\/beispiel-seite\/"},"modified":"2024-05-13T13:27:25","modified_gmt":"2024-05-13T11:27:25","slug":"index","status":"publish","type":"page","link":"https:\/\/funactive.rent\/en\/","title":{"rendered":"Homepage"},"content":{"rendered":"\r\n<p>Dies ist eine Beispiel-Seite. Sie unterscheidet sich von Beitr\u00e4gen, da sie stets an derselben Stelle bleibt und (bei den meisten Themes) in der Website-Navigation angezeigt wird. Die meisten starten mit einem Impressum, der Datenschutzerkl\u00e4rung oder einer \u201e\u00dcber\u00a0uns\u201c-Seite, um sich potenziellen Besuchern der Website vorzustellen. Dort k\u00f6nnte zum Beispiel stehen:<\/p>\r\n\r\n\r\n\r\n<blockquote class=\"wp-block-quote is-layout-flow wp-block-quote-is-layout-flow\">\r\n<p>Hallo! Tags\u00fcber arbeite ich als Fahrradkurier, nachts bin ich ein aufstrebender Schauspieler und dies hier ist meine Website. Ich lebe in Berlin, habe einen gro\u00dfen Hund namens Jack, mag Pi\u00f1a Coladas, jedoch weniger (ohne Schirm) im Regen stehen gelassen zu werden.<\/p>\r\n<\/blockquote>\r\n\r\n\r\n\r\n<p>&#8230;oder so etwas wie das hier:<\/p>\r\n\r\n\r\n\r\n<blockquote class=\"wp-block-quote is-layout-flow wp-block-quote-is-layout-flow\">\r\n<p>Das Unternehmen XYZ wurde 1971 gegr\u00fcndet und versorgt die \u00d6ffentlichkeit seither mit qualitativ hochwertigen Produkten. An seinem Standort in einer kleinen Gro\u00dfstadt besch\u00e4ftigt der Betrieb \u00fcber 2.000 Menschen und unterst\u00fctzt die Stadtbewohner in vielfacher Hinsicht.<\/p>\r\n<\/blockquote>\r\n\r\n\r\n\r\n<p>Als neuer WordPress-Benutzer sollten Sie <a href=\"https:\/\/funactiverent.it\/wp-admin\/\">Ihr Dashboard<\/a> aufrufen, um diese Seite zu l\u00f6schen und neue Seiten und Beitr\u00e4ge f\u00fcr Ihre Website erstellen. Viel Spa\u00df!<\/p>\r\n","protected":false},"excerpt":{"rendered":"<p>Dies ist eine Beispiel-Seite. Sie unterscheidet sich von Beitr\u00e4gen, da sie stets an derselben Stelle bleibt und (bei den meisten Themes) in der Website-Navigation angezeigt wird. Die meisten starten mit einem Impressum, der Datenschutzerkl\u00e4rung oder einer \u201e\u00dcber\u00a0uns\u201c-Seite, um sich potenziellen Besuchern der Website vorzustellen. Dort k\u00f6nnte zum Beispiel stehen: Hallo! Tags\u00fcber arbeite ich als Fahrradkurier, [&hellip;]<\/p>\n","protected":false},"author":5,"featured_media":0,"parent":0,"menu_order":0,"comment_status":"closed","ping_status":"closed","template":"","meta":{"footnotes":""},"class_list":["post-732","page","type-page","status-publish","hentry"],"acf":[],"yoast_head":"<!-- This site is optimized with the Yoast SEO plugin v27.4 - https:\/\/yoast.com\/product\/yoast-seo-wordpress\/ -->\n<title>Bike rental at Dobbiaco &amp; Trieste - FunActive Rent<\/title>\n<meta name=\"description\" content=\"Discover the Puster Valley and the Dolomites by bike. We offer bike rental services and we also provide Minibus Transport solutions for bike.\" \/>\n<meta name=\"robots\" content=\"index, follow, max-snippet:-1, max-image-preview:large, max-video-preview:-1\" \/>\n<link rel=\"canonical\" href=\"https:\/\/funactive.rent\/en\/\" \/>\n<meta property=\"og:locale\" content=\"en_US\" \/>\n<meta property=\"og:type\" content=\"article\" \/>\n<meta property=\"og:title\" content=\"Bike rental at Dobbiaco &amp; Trieste - FunActive Rent\" \/>\n<meta property=\"og:description\" content=\"Discover the Puster Valley and the Dolomites by bike. We offer bike rental services and we also provide Minibus Transport solutions for bike.\" \/>\n<meta property=\"og:url\" content=\"https:\/\/funactive.rent\/en\/\" \/>\n<meta property=\"og:site_name\" content=\"FunActive RENT\" \/>\n<meta property=\"article:modified_time\" content=\"2024-05-13T11:27:25+00:00\" \/>\n<meta name=\"twitter:card\" content=\"summary_large_image\" \/>\n<meta name=\"twitter:label1\" content=\"Est. reading time\" \/>\n\t<meta name=\"twitter:data1\" content=\"1 minute\" \/>\n<script type=\"application\/ld+json\" class=\"yoast-schema-graph\">{\"@context\":\"https:\\\/\\\/schema.org\",\"@graph\":[{\"@type\":\"WebPage\",\"@id\":\"https:\\\/\\\/funactive.rent\\\/en\\\/\",\"url\":\"https:\\\/\\\/funactive.rent\\\/en\\\/\",\"name\":\"Bike rental at Dobbiaco & Trieste - FunActive Rent\",\"isPartOf\":{\"@id\":\"https:\\\/\\\/funactive.rent\\\/#website\"},\"datePublished\":\"2021-02-01T17:41:52+00:00\",\"dateModified\":\"2024-05-13T11:27:25+00:00\",\"description\":\"Discover the Puster Valley and the Dolomites by bike. We offer bike rental services and we also provide Minibus Transport solutions for bike.\",\"breadcrumb\":{\"@id\":\"https:\\\/\\\/funactive.rent\\\/en\\\/#breadcrumb\"},\"inLanguage\":\"en-US\",\"potentialAction\":[{\"@type\":\"ReadAction\",\"target\":[\"https:\\\/\\\/funactive.rent\\\/en\\\/\"]}]},{\"@type\":\"BreadcrumbList\",\"@id\":\"https:\\\/\\\/funactive.rent\\\/en\\\/#breadcrumb\",\"itemListElement\":[{\"@type\":\"ListItem\",\"position\":1,\"name\":\"Startseite\",\"item\":\"https:\\\/\\\/funactive.rent\\\/en\\\/\"},{\"@type\":\"ListItem\",\"position\":2,\"name\":\"Homepage\"}]},{\"@type\":\"WebSite\",\"@id\":\"https:\\\/\\\/funactive.rent\\\/#website\",\"url\":\"https:\\\/\\\/funactive.rent\\\/\",\"name\":\"FunActive RENT\",\"description\":\"\",\"potentialAction\":[{\"@type\":\"SearchAction\",\"target\":{\"@type\":\"EntryPoint\",\"urlTemplate\":\"https:\\\/\\\/funactive.rent\\\/?s={search_term_string}\"},\"query-input\":{\"@type\":\"PropertyValueSpecification\",\"valueRequired\":true,\"valueName\":\"search_term_string\"}}],\"inLanguage\":\"en-US\"}]}<\/script>\n<!-- \/ Yoast SEO plugin. -->","yoast_head_json":{"title":"Bike rental at Dobbiaco & Trieste - FunActive Rent","description":"Discover the Puster Valley and the Dolomites by bike. We offer bike rental services and we also provide Minibus Transport solutions for bike.","robots":{"index":"index","follow":"follow","max-snippet":"max-snippet:-1","max-image-preview":"max-image-preview:large","max-video-preview":"max-video-preview:-1"},"canonical":"https:\/\/funactive.rent\/en\/","og_locale":"en_US","og_type":"article","og_title":"Bike rental at Dobbiaco & Trieste - FunActive Rent","og_description":"Discover the Puster Valley and the Dolomites by bike. We offer bike rental services and we also provide Minibus Transport solutions for bike.","og_url":"https:\/\/funactive.rent\/en\/","og_site_name":"FunActive RENT","article_modified_time":"2024-05-13T11:27:25+00:00","twitter_card":"summary_large_image","twitter_misc":{"Est. reading time":"1 minute"},"schema":{"@context":"https:\/\/schema.org","@graph":[{"@type":"WebPage","@id":"https:\/\/funactive.rent\/en\/","url":"https:\/\/funactive.rent\/en\/","name":"Bike rental at Dobbiaco & Trieste - FunActive Rent","isPartOf":{"@id":"https:\/\/funactive.rent\/#website"},"datePublished":"2021-02-01T17:41:52+00:00","dateModified":"2024-05-13T11:27:25+00:00","description":"Discover the Puster Valley and the Dolomites by bike. We offer bike rental services and we also provide Minibus Transport solutions for bike.","breadcrumb":{"@id":"https:\/\/funactive.rent\/en\/#breadcrumb"},"inLanguage":"en-US","potentialAction":[{"@type":"ReadAction","target":["https:\/\/funactive.rent\/en\/"]}]},{"@type":"BreadcrumbList","@id":"https:\/\/funactive.rent\/en\/#breadcrumb","itemListElement":[{"@type":"ListItem","position":1,"name":"Startseite","item":"https:\/\/funactive.rent\/en\/"},{"@type":"ListItem","position":2,"name":"Homepage"}]},{"@type":"WebSite","@id":"https:\/\/funactive.rent\/#website","url":"https:\/\/funactive.rent\/","name":"FunActive RENT","description":"","potentialAction":[{"@type":"SearchAction","target":{"@type":"EntryPoint","urlTemplate":"https:\/\/funactive.rent\/?s={search_term_string}"},"query-input":{"@type":"PropertyValueSpecification","valueRequired":true,"valueName":"search_term_string"}}],"inLanguage":"en-US"}]}},"_links":{"self":[{"href":"https:\/\/funactive.rent\/en\/wp-json\/wp\/v2\/pages\/732","targetHints":{"allow":["GET"]}}],"collection":[{"href":"https:\/\/funactive.rent\/en\/wp-json\/wp\/v2\/pages"}],"about":[{"href":"https:\/\/funactive.rent\/en\/wp-json\/wp\/v2\/types\/page"}],"author":[{"embeddable":true,"href":"https:\/\/funactive.rent\/en\/wp-json\/wp\/v2\/users\/5"}],"replies":[{"embeddable":true,"href":"https:\/\/funactive.rent\/en\/wp-json\/wp\/v2\/comments?post=732"}],"version-history":[{"count":30,"href":"https:\/\/funactive.rent\/en\/wp-json\/wp\/v2\/pages\/732\/revisions"}],"predecessor-version":[{"id":6298,"href":"https:\/\/funactive.rent\/en\/wp-json\/wp\/v2\/pages\/732\/revisions\/6298"}],"wp:attachment":[{"href":"https:\/\/funactive.rent\/en\/wp-json\/wp\/v2\/media?parent=732"}],"curies":[{"name":"wp","href":"https:\/\/api.w.org\/{rel}","templated":true}]}}